{"id":373,"date":"2023-01-30T16:21:17","date_gmt":"2023-01-30T15:21:17","guid":{"rendered":"https:\/\/www.french-madeleine.com\/annebo\/?post_type=product&#038;p=373"},"modified":"2023-11-08T17:45:36","modified_gmt":"2023-11-08T16:45:36","slug":"kube-25","status":"publish","type":"product","link":"https:\/\/www.french-madeleine.com\/annebo\/rescue\/kube-25\/","title":{"rendered":"Kube 25"},"content":{"rendered":"<p>Laver \u00e0 la main \u00e0 l&#8217;eau froide<\/p>\n<p>Dimensions : environ 17x17x10 cm<\/p>\n<p>Grande contenance :<\/p>\n<p><img loading=\"lazy\" decoding=\"async\" class=\"size-medium wp-image-86 alignleft\" src=\"https:\/\/www.french-madeleine.com\/annebo\/wp-content\/uploads\/2023\/01\/IMG_5055-225x300.jpg\" alt=\"\" width=\"225\" height=\"300\" srcset=\"https:\/\/www.french-madeleine.com\/annebo\/wp-content\/uploads\/2023\/01\/IMG_5055-225x300.jpg 225w, https:\/\/www.french-madeleine.com\/annebo\/wp-content\/uploads\/2023\/01\/IMG_5055-600x800.jpg 600w, https:\/\/www.french-madeleine.com\/annebo\/wp-content\/uploads\/2023\/01\/IMG_5055-768x1024.jpg 768w, https:\/\/www.french-madeleine.com\/annebo\/wp-content\/uploads\/2023\/01\/IMG_5055-1152x1536.jpg 1152w, https:\/\/www.french-madeleine.com\/annebo\/wp-content\/uploads\/2023\/01\/IMG_5055-1536x2048.jpg 1536w, https:\/\/www.french-madeleine.com\/annebo\/wp-content\/uploads\/2023\/01\/IMG_5055-1140x1520.jpg 1140w, https:\/\/www.french-madeleine.com\/annebo\/wp-content\/uploads\/2023\/01\/IMG_5055-scaled.jpg 1920w\" sizes=\"(max-width: 225px) 100vw, 225px\" \/><img loading=\"lazy\" decoding=\"async\" class=\"size-medium wp-image-88 alignleft\" src=\"https:\/\/www.french-madeleine.com\/annebo\/wp-content\/uploads\/2023\/01\/IMG_5054-225x300.jpg\" alt=\"\" width=\"225\" height=\"300\" srcset=\"https:\/\/www.french-madeleine.com\/annebo\/wp-content\/uploads\/2023\/01\/IMG_5054-225x300.jpg 225w, https:\/\/www.french-madeleine.com\/annebo\/wp-content\/uploads\/2023\/01\/IMG_5054-600x800.jpg 600w, https:\/\/www.french-madeleine.com\/annebo\/wp-content\/uploads\/2023\/01\/IMG_5054-768x1024.jpg 768w, https:\/\/www.french-madeleine.com\/annebo\/wp-content\/uploads\/2023\/01\/IMG_5054-1152x1536.jpg 1152w, https:\/\/www.french-madeleine.com\/annebo\/wp-content\/uploads\/2023\/01\/IMG_5054-1536x2048.jpg 1536w, https:\/\/www.french-madeleine.com\/annebo\/wp-content\/uploads\/2023\/01\/IMG_5054-1140x1520.jpg 1140w, https:\/\/www.french-madeleine.com\/annebo\/wp-content\/uploads\/2023\/01\/IMG_5054-scaled.jpg 1920w\" sizes=\"(max-width: 225px) 100vw, 225px\" \/><\/p>\n<p>&nbsp;<\/p>\n<p>&nbsp;<\/p>\n","protected":false},"excerpt":{"rendered":"<p>LA SHERPA<\/p>\n<p>Trousse de toilette molletonn\u00e9e<br \/>\nFermeture \u00e9clair beige<\/p>\n<p>Mod\u00e8le ultra limit\u00e9<\/p>\n<p>Ext\u00e9rieur en fausse fourrure de mouton \u00e9crue utilis\u00e9e pour le col de mon nouveau blouson<br \/>\nInt\u00e9rieur tissu tiss\u00e9 et brod\u00e9 en damier de type nid d&#8217;abeille beige et \u00e9cru d\u00e9coup\u00e9 dans un napperon familial<\/p>\n<p>Pour les &#8220;intimes&#8221;, vous pouvez retrouver les tissus en live sur mon fil insta !<\/p>\n","protected":false},"featured_media":374,"template":"","meta":{"om_disable_all_campaigns":false,"_monsterinsights_skip_tracking":false,"_monsterinsights_sitenote_active":false,"_monsterinsights_sitenote_note":"","_monsterinsights_sitenote_category":0},"product_cat":[26,19,18],"product_tag":[],"aioseo_notices":[],"_links":{"self":[{"href":"https:\/\/www.french-madeleine.com\/annebo\/wp-json\/wp\/v2\/product\/373"}],"collection":[{"href":"https:\/\/www.french-madeleine.com\/annebo\/wp-json\/wp\/v2\/product"}],"about":[{"href":"https:\/\/www.french-madeleine.com\/annebo\/wp-json\/wp\/v2\/types\/product"}],"wp:featuredmedia":[{"embeddable":true,"href":"https:\/\/www.french-madeleine.com\/annebo\/wp-json\/wp\/v2\/media\/374"}],"wp:attachment":[{"href":"https:\/\/www.french-madeleine.com\/annebo\/wp-json\/wp\/v2\/media?parent=373"}],"wp:term":[{"taxonomy":"product_cat","embeddable":true,"href":"https:\/\/www.french-madeleine.com\/annebo\/wp-json\/wp\/v2\/product_cat?post=373"},{"taxonomy":"product_tag","embeddable":true,"href":"https:\/\/www.french-madeleine.com\/annebo\/wp-json\/wp\/v2\/product_tag?post=373"}],"curies":[{"name":"wp","href":"https:\/\/api.w.org\/{rel}","templated":true}]}}