{"id":2603,"date":"2024-02-20T15:25:14","date_gmt":"2024-02-20T14:25:14","guid":{"rendered":"https:\/\/www.french-madeleine.com\/annebo\/?post_type=product&#038;p=2603"},"modified":"2025-06-02T16:01:03","modified_gmt":"2025-06-02T14:01:03","slug":"trousse-aire-59-2","status":"publish","type":"product","link":"https:\/\/www.french-madeleine.com\/annebo\/rescue\/trousse-aire-59-2\/","title":{"rendered":"Trousse Aire 59"},"content":{"rendered":"<p>Lavable \u00e0 30\u00b0C dans un filet de lavage<br \/>\nDimensions : environ 17x12x8 cm<\/p>\n<p>Une trousse triangle aux dimensions parfaites pour contenir votre maquillage et vos stylos.<br \/>\nPartenaire id\u00e9ale du Kh\u00fbbe, elle s&#8217;y glissera ais\u00e9ment.<\/p>\n<div id='gallery-1' class='gallery galleryid-2603 gallery-columns-3 gallery-size-medium'><figure class='gallery-item'>\n\t\t\t<div class='gallery-icon landscape'>\n\t\t\t\t<img loading=\"lazy\" decoding=\"async\" width=\"300\" height=\"300\" src=\"https:\/\/www.french-madeleine.com\/annebo\/wp-content\/uploads\/2023\/10\/trousse-maquillage-triangle-annebo-300x300.jpg\" class=\"attachment-medium size-medium\" alt=\"\" srcset=\"https:\/\/www.french-madeleine.com\/annebo\/wp-content\/uploads\/2023\/10\/trousse-maquillage-triangle-annebo-300x300.jpg 300w, https:\/\/www.french-madeleine.com\/annebo\/wp-content\/uploads\/2023\/10\/trousse-maquillage-triangle-annebo-scaled-800x800.jpg 800w, https:\/\/www.french-madeleine.com\/annebo\/wp-content\/uploads\/2023\/10\/trousse-maquillage-triangle-annebo-scaled-100x100.jpg 100w, https:\/\/www.french-madeleine.com\/annebo\/wp-content\/uploads\/2023\/10\/trousse-maquillage-triangle-annebo-scaled-600x600.jpg 600w, https:\/\/www.french-madeleine.com\/annebo\/wp-content\/uploads\/2023\/10\/trousse-maquillage-triangle-annebo-1024x1024.jpg 1024w, https:\/\/www.french-madeleine.com\/annebo\/wp-content\/uploads\/2023\/10\/trousse-maquillage-triangle-annebo-150x150.jpg 150w, https:\/\/www.french-madeleine.com\/annebo\/wp-content\/uploads\/2023\/10\/trousse-maquillage-triangle-annebo-768x768.jpg 768w, https:\/\/www.french-madeleine.com\/annebo\/wp-content\/uploads\/2023\/10\/trousse-maquillage-triangle-annebo-1536x1536.jpg 1536w, https:\/\/www.french-madeleine.com\/annebo\/wp-content\/uploads\/2023\/10\/trousse-maquillage-triangle-annebo-2048x2048.jpg 2048w, https:\/\/www.french-madeleine.com\/annebo\/wp-content\/uploads\/2023\/10\/trousse-maquillage-triangle-annebo-1140x1140.jpg 1140w, https:\/\/www.french-madeleine.com\/annebo\/wp-content\/uploads\/2023\/10\/trousse-maquillage-triangle-annebo-75x75.jpg 75w\" sizes=\"(max-width: 300px) 100vw, 300px\" \/>\n\t\t\t<\/div><\/figure><figure class='gallery-item'>\n\t\t\t<div class='gallery-icon landscape'>\n\t\t\t\t<img loading=\"lazy\" decoding=\"async\" width=\"300\" height=\"300\" src=\"https:\/\/www.french-madeleine.com\/annebo\/wp-content\/uploads\/2023\/10\/trousse-stylos-ecole-triangle-annebo-300x300.jpg\" class=\"attachment-medium size-medium\" alt=\"\" srcset=\"https:\/\/www.french-madeleine.com\/annebo\/wp-content\/uploads\/2023\/10\/trousse-stylos-ecole-triangle-annebo-300x300.jpg 300w, https:\/\/www.french-madeleine.com\/annebo\/wp-content\/uploads\/2023\/10\/trousse-stylos-ecole-triangle-annebo-scaled-800x800.jpg 800w, https:\/\/www.french-madeleine.com\/annebo\/wp-content\/uploads\/2023\/10\/trousse-stylos-ecole-triangle-annebo-scaled-100x100.jpg 100w, https:\/\/www.french-madeleine.com\/annebo\/wp-content\/uploads\/2023\/10\/trousse-stylos-ecole-triangle-annebo-scaled-600x600.jpg 600w, https:\/\/www.french-madeleine.com\/annebo\/wp-content\/uploads\/2023\/10\/trousse-stylos-ecole-triangle-annebo-1024x1024.jpg 1024w, https:\/\/www.french-madeleine.com\/annebo\/wp-content\/uploads\/2023\/10\/trousse-stylos-ecole-triangle-annebo-150x150.jpg 150w, https:\/\/www.french-madeleine.com\/annebo\/wp-content\/uploads\/2023\/10\/trousse-stylos-ecole-triangle-annebo-768x768.jpg 768w, https:\/\/www.french-madeleine.com\/annebo\/wp-content\/uploads\/2023\/10\/trousse-stylos-ecole-triangle-annebo-1536x1536.jpg 1536w, https:\/\/www.french-madeleine.com\/annebo\/wp-content\/uploads\/2023\/10\/trousse-stylos-ecole-triangle-annebo-2048x2048.jpg 2048w, https:\/\/www.french-madeleine.com\/annebo\/wp-content\/uploads\/2023\/10\/trousse-stylos-ecole-triangle-annebo-1140x1140.jpg 1140w, https:\/\/www.french-madeleine.com\/annebo\/wp-content\/uploads\/2023\/10\/trousse-stylos-ecole-triangle-annebo-75x75.jpg 75w\" sizes=\"(max-width: 300px) 100vw, 300px\" \/>\n\t\t\t<\/div><\/figure><figure class='gallery-item'>\n\t\t\t<div class='gallery-icon landscape'>\n\t\t\t\t<img loading=\"lazy\" decoding=\"async\" width=\"300\" height=\"300\" src=\"https:\/\/www.french-madeleine.com\/annebo\/wp-content\/uploads\/2023\/10\/profil-trousse-triangle-annebo-300x300.jpg\" class=\"attachment-medium size-medium\" alt=\"\" srcset=\"https:\/\/www.french-madeleine.com\/annebo\/wp-content\/uploads\/2023\/10\/profil-trousse-triangle-annebo-300x300.jpg 300w, https:\/\/www.french-madeleine.com\/annebo\/wp-content\/uploads\/2023\/10\/profil-trousse-triangle-annebo-scaled-800x800.jpg 800w, https:\/\/www.french-madeleine.com\/annebo\/wp-content\/uploads\/2023\/10\/profil-trousse-triangle-annebo-scaled-100x100.jpg 100w, https:\/\/www.french-madeleine.com\/annebo\/wp-content\/uploads\/2023\/10\/profil-trousse-triangle-annebo-scaled-600x600.jpg 600w, https:\/\/www.french-madeleine.com\/annebo\/wp-content\/uploads\/2023\/10\/profil-trousse-triangle-annebo-1024x1024.jpg 1024w, https:\/\/www.french-madeleine.com\/annebo\/wp-content\/uploads\/2023\/10\/profil-trousse-triangle-annebo-150x150.jpg 150w, https:\/\/www.french-madeleine.com\/annebo\/wp-content\/uploads\/2023\/10\/profil-trousse-triangle-annebo-768x768.jpg 768w, https:\/\/www.french-madeleine.com\/annebo\/wp-content\/uploads\/2023\/10\/profil-trousse-triangle-annebo-1536x1536.jpg 1536w, https:\/\/www.french-madeleine.com\/annebo\/wp-content\/uploads\/2023\/10\/profil-trousse-triangle-annebo-2048x2048.jpg 2048w, https:\/\/www.french-madeleine.com\/annebo\/wp-content\/uploads\/2023\/10\/profil-trousse-triangle-annebo-1140x1140.jpg 1140w, https:\/\/www.french-madeleine.com\/annebo\/wp-content\/uploads\/2023\/10\/profil-trousse-triangle-annebo-75x75.jpg 75w\" sizes=\"(max-width: 300px) 100vw, 300px\" \/>\n\t\t\t<\/div><\/figure>\n\t\t<\/div>\n\n<p>&nbsp;<\/p>\n<p>&nbsp;<\/p>\n<p>&nbsp;<\/p>\n","protected":false},"excerpt":{"rendered":"<p>Trousse triangle molletonn\u00e9e<br \/>\nMod\u00e8le unique<br \/>\nElabor\u00e9e dans les chutes de tissus de mes confections couture d&#8217;hiver.<\/p>\n<p>Con\u00e7ue pour abriter avec douceur votre maquillage ou vos stylos d&#8217;\u00e9coli\u00e8re !<br \/>\nUn indispensable du Kh\u00fbbe.<\/p>\n<p>&nbsp;<\/p>\n","protected":false},"featured_media":2564,"template":"","meta":{"om_disable_all_campaigns":false,"_monsterinsights_skip_tracking":false,"_monsterinsights_sitenote_active":false,"_monsterinsights_sitenote_note":"","_monsterinsights_sitenote_category":0},"product_cat":[32,37,19,39,29,28],"product_tag":[],"aioseo_notices":[],"_links":{"self":[{"href":"https:\/\/www.french-madeleine.com\/annebo\/wp-json\/wp\/v2\/product\/2603"}],"collection":[{"href":"https:\/\/www.french-madeleine.com\/annebo\/wp-json\/wp\/v2\/product"}],"about":[{"href":"https:\/\/www.french-madeleine.com\/annebo\/wp-json\/wp\/v2\/types\/product"}],"wp:featuredmedia":[{"embeddable":true,"href":"https:\/\/www.french-madeleine.com\/annebo\/wp-json\/wp\/v2\/media\/2564"}],"wp:attachment":[{"href":"https:\/\/www.french-madeleine.com\/annebo\/wp-json\/wp\/v2\/media?parent=2603"}],"wp:term":[{"taxonomy":"product_cat","embeddable":true,"href":"https:\/\/www.french-madeleine.com\/annebo\/wp-json\/wp\/v2\/product_cat?post=2603"},{"taxonomy":"product_tag","embeddable":true,"href":"https:\/\/www.french-madeleine.com\/annebo\/wp-json\/wp\/v2\/product_tag?post=2603"}],"curies":[{"name":"wp","href":"https:\/\/api.w.org\/{rel}","templated":true}]}}