{"id":1652,"date":"2023-10-09T11:36:35","date_gmt":"2023-10-09T09:36:35","guid":{"rendered":"https:\/\/www.french-madeleine.com\/annebo\/?post_type=product&#038;p=1652"},"modified":"2025-06-02T15:55:40","modified_gmt":"2025-06-02T13:55:40","slug":"etui-aire-30","status":"publish","type":"product","link":"https:\/\/www.french-madeleine.com\/annebo\/rescue\/etui-aire-30\/","title":{"rendered":"Etui Aire 30"},"content":{"rendered":"<p>Lavable \u00e0 30\u00b0C dans un filet de lavage<br \/>\nDimensions : environ 8&#215;10,5 cm<\/p>\n<p>Peut contenir vos Airpods ou vos cartes.<\/p>\n<p><img loading=\"lazy\" decoding=\"async\" class=\"alignnone wp-image-1455 \" src=\"https:\/\/www.french-madeleine.com\/annebo\/wp-content\/uploads\/2023\/09\/IMG_7647-scaled.jpg\" alt=\"\" width=\"391\" height=\"307\" \/><\/p>\n<p>&nbsp;<\/p>\n","protected":false},"excerpt":{"rendered":"<p>Etui \u00e0 Airpods molletonn\u00e9 et doubl\u00e9<br \/>\nPression assortie<br \/>\nRuban brod\u00e9 anne bo<\/p>\n<p>Con\u00e7u pour abriter et retrouver plus facilement vos airpods, cartes bancaires, m\u00e9dicaments, bijoux&#8230;dans vos sacs !<br \/>\nUn accessoire chic et pratique.<\/p>\n<p>&nbsp;<\/p>\n","protected":false},"featured_media":1632,"template":"","meta":{"om_disable_all_campaigns":false,"_monsterinsights_skip_tracking":false,"_monsterinsights_sitenote_active":false,"_monsterinsights_sitenote_note":"","_monsterinsights_sitenote_category":0},"product_cat":[15,26,19],"product_tag":[],"aioseo_notices":[],"_links":{"self":[{"href":"https:\/\/www.french-madeleine.com\/annebo\/wp-json\/wp\/v2\/product\/1652"}],"collection":[{"href":"https:\/\/www.french-madeleine.com\/annebo\/wp-json\/wp\/v2\/product"}],"about":[{"href":"https:\/\/www.french-madeleine.com\/annebo\/wp-json\/wp\/v2\/types\/product"}],"wp:featuredmedia":[{"embeddable":true,"href":"https:\/\/www.french-madeleine.com\/annebo\/wp-json\/wp\/v2\/media\/1632"}],"wp:attachment":[{"href":"https:\/\/www.french-madeleine.com\/annebo\/wp-json\/wp\/v2\/media?parent=1652"}],"wp:term":[{"taxonomy":"product_cat","embeddable":true,"href":"https:\/\/www.french-madeleine.com\/annebo\/wp-json\/wp\/v2\/product_cat?post=1652"},{"taxonomy":"product_tag","embeddable":true,"href":"https:\/\/www.french-madeleine.com\/annebo\/wp-json\/wp\/v2\/product_tag?post=1652"}],"curies":[{"name":"wp","href":"https:\/\/api.w.org\/{rel}","templated":true}]}}