{"id":1583,"date":"2023-10-07T11:03:04","date_gmt":"2023-10-07T09:03:04","guid":{"rendered":"https:\/\/www.french-madeleine.com\/annebo\/?post_type=product&#038;p=1583"},"modified":"2024-01-18T22:36:03","modified_gmt":"2024-01-18T21:36:03","slug":"khube-99","status":"publish","type":"product","link":"https:\/\/www.french-madeleine.com\/annebo\/rescue\/khube-99\/","title":{"rendered":"Khube 99"},"content":{"rendered":"<p>Lavable \u00e0 30\u00b0C dans un filet de lavage<\/p>\n<p>Dimensions : non mesur\u00e9 mais plus grand que les autres \ud83d\ude09 qui font 17x17x10<\/p>\n<p><img loading=\"lazy\" decoding=\"async\" class=\"alignnone  wp-image-1561\" src=\"https:\/\/www.french-madeleine.com\/annebo\/wp-content\/uploads\/2023\/10\/Khube99-trousse-annebo-04-1024x1024.jpg\" alt=\"\" width=\"284\" height=\"284\" srcset=\"https:\/\/www.french-madeleine.com\/annebo\/wp-content\/uploads\/2023\/10\/Khube99-trousse-annebo-04-1024x1024.jpg 1024w, https:\/\/www.french-madeleine.com\/annebo\/wp-content\/uploads\/2023\/10\/Khube99-trousse-annebo-04-scaled-800x800.jpg 800w, https:\/\/www.french-madeleine.com\/annebo\/wp-content\/uploads\/2023\/10\/Khube99-trousse-annebo-04-scaled-100x100.jpg 100w, https:\/\/www.french-madeleine.com\/annebo\/wp-content\/uploads\/2023\/10\/Khube99-trousse-annebo-04-scaled-600x600.jpg 600w, https:\/\/www.french-madeleine.com\/annebo\/wp-content\/uploads\/2023\/10\/Khube99-trousse-annebo-04-300x300.jpg 300w, https:\/\/www.french-madeleine.com\/annebo\/wp-content\/uploads\/2023\/10\/Khube99-trousse-annebo-04-150x150.jpg 150w, https:\/\/www.french-madeleine.com\/annebo\/wp-content\/uploads\/2023\/10\/Khube99-trousse-annebo-04-768x768.jpg 768w, https:\/\/www.french-madeleine.com\/annebo\/wp-content\/uploads\/2023\/10\/Khube99-trousse-annebo-04-1536x1536.jpg 1536w, https:\/\/www.french-madeleine.com\/annebo\/wp-content\/uploads\/2023\/10\/Khube99-trousse-annebo-04-2048x2048.jpg 2048w, https:\/\/www.french-madeleine.com\/annebo\/wp-content\/uploads\/2023\/10\/Khube99-trousse-annebo-04-1140x1140.jpg 1140w, https:\/\/www.french-madeleine.com\/annebo\/wp-content\/uploads\/2023\/10\/Khube99-trousse-annebo-04-75x75.jpg 75w\" sizes=\"(max-width: 284px) 100vw, 284px\" \/><\/p>\n<p>Grande contenance :<\/p>\n<p><img loading=\"lazy\" decoding=\"async\" class=\"size-medium wp-image-86 alignleft\" src=\"https:\/\/www.french-madeleine.com\/annebo\/wp-content\/uploads\/2023\/01\/IMG_5055-225x300.jpg\" alt=\"\" width=\"225\" height=\"300\" srcset=\"https:\/\/www.french-madeleine.com\/annebo\/wp-content\/uploads\/2023\/01\/IMG_5055-225x300.jpg 225w, https:\/\/www.french-madeleine.com\/annebo\/wp-content\/uploads\/2023\/01\/IMG_5055-600x800.jpg 600w, https:\/\/www.french-madeleine.com\/annebo\/wp-content\/uploads\/2023\/01\/IMG_5055-768x1024.jpg 768w, https:\/\/www.french-madeleine.com\/annebo\/wp-content\/uploads\/2023\/01\/IMG_5055-1152x1536.jpg 1152w, https:\/\/www.french-madeleine.com\/annebo\/wp-content\/uploads\/2023\/01\/IMG_5055-1536x2048.jpg 1536w, https:\/\/www.french-madeleine.com\/annebo\/wp-content\/uploads\/2023\/01\/IMG_5055-1140x1520.jpg 1140w, https:\/\/www.french-madeleine.com\/annebo\/wp-content\/uploads\/2023\/01\/IMG_5055-scaled.jpg 1920w\" sizes=\"(max-width: 225px) 100vw, 225px\" \/><img loading=\"lazy\" decoding=\"async\" class=\"size-medium wp-image-88 alignleft\" src=\"https:\/\/www.french-madeleine.com\/annebo\/wp-content\/uploads\/2023\/01\/IMG_5054-225x300.jpg\" alt=\"\" width=\"225\" height=\"300\" srcset=\"https:\/\/www.french-madeleine.com\/annebo\/wp-content\/uploads\/2023\/01\/IMG_5054-225x300.jpg 225w, https:\/\/www.french-madeleine.com\/annebo\/wp-content\/uploads\/2023\/01\/IMG_5054-600x800.jpg 600w, https:\/\/www.french-madeleine.com\/annebo\/wp-content\/uploads\/2023\/01\/IMG_5054-768x1024.jpg 768w, https:\/\/www.french-madeleine.com\/annebo\/wp-content\/uploads\/2023\/01\/IMG_5054-1152x1536.jpg 1152w, https:\/\/www.french-madeleine.com\/annebo\/wp-content\/uploads\/2023\/01\/IMG_5054-1536x2048.jpg 1536w, https:\/\/www.french-madeleine.com\/annebo\/wp-content\/uploads\/2023\/01\/IMG_5054-1140x1520.jpg 1140w, https:\/\/www.french-madeleine.com\/annebo\/wp-content\/uploads\/2023\/01\/IMG_5054-scaled.jpg 1920w\" sizes=\"(max-width: 225px) 100vw, 225px\" \/><\/p>\n<p>&nbsp;<\/p>\n<p>&nbsp;<\/p>\n","protected":false},"excerpt":{"rendered":"<p>Trousse de toilette molletonn\u00e9e<br \/>\nFermeture \u00e9clair rose<\/p>\n<p>Ext\u00e9rieur en fausse fourrure lapin \u00e9cru utilis\u00e9 pour la confection d&#8217;un gilet Berger pour l&#8217;anniversaire de mon amie Delphine\u00a0 .<br \/>\nInt\u00e9rieur en Liberty offert par mon amie Sonia de chez Minim\u00e2le.<\/p>\n<p>Le prix un peu plus \u00e9lev\u00e9 est motiv\u00e9 par l&#8217;assemblage des coupons de fausse fourrures pour de la super revalorisation, et par sa dimension nounours XL !<\/p>\n<p>Pour les &#8220;intimes&#8221;, vous pouvez retrouver les tissus en live sur mon fil insta !<\/p>\n","protected":false},"featured_media":1560,"template":"","meta":{"om_disable_all_campaigns":false,"_monsterinsights_skip_tracking":false,"_monsterinsights_sitenote_active":false,"_monsterinsights_sitenote_note":"","_monsterinsights_sitenote_category":0},"product_cat":[26,19,18],"product_tag":[],"aioseo_notices":[],"_links":{"self":[{"href":"https:\/\/www.french-madeleine.com\/annebo\/wp-json\/wp\/v2\/product\/1583"}],"collection":[{"href":"https:\/\/www.french-madeleine.com\/annebo\/wp-json\/wp\/v2\/product"}],"about":[{"href":"https:\/\/www.french-madeleine.com\/annebo\/wp-json\/wp\/v2\/types\/product"}],"wp:featuredmedia":[{"embeddable":true,"href":"https:\/\/www.french-madeleine.com\/annebo\/wp-json\/wp\/v2\/media\/1560"}],"wp:attachment":[{"href":"https:\/\/www.french-madeleine.com\/annebo\/wp-json\/wp\/v2\/media?parent=1583"}],"wp:term":[{"taxonomy":"product_cat","embeddable":true,"href":"https:\/\/www.french-madeleine.com\/annebo\/wp-json\/wp\/v2\/product_cat?post=1583"},{"taxonomy":"product_tag","embeddable":true,"href":"https:\/\/www.french-madeleine.com\/annebo\/wp-json\/wp\/v2\/product_tag?post=1583"}],"curies":[{"name":"wp","href":"https:\/\/api.w.org\/{rel}","templated":true}]}}