{"id":1110,"date":"2023-06-12T17:52:43","date_gmt":"2023-06-12T15:52:43","guid":{"rendered":"https:\/\/www.french-madeleine.com\/annebo\/?post_type=product&#038;p=1110"},"modified":"2023-11-08T17:45:31","modified_gmt":"2023-11-08T16:45:31","slug":"kube-43","status":"publish","type":"product","link":"https:\/\/www.french-madeleine.com\/annebo\/rescue\/kube-43\/","title":{"rendered":"Kube 43"},"content":{"rendered":"<p>Lavable \u00e0 30\u00b0C dans un filet de lavage<\/p>\n<p>Dimensions : environ 17x17x10 cm<\/p>\n<p>Grande contenance :<\/p>\n<p><img loading=\"lazy\" decoding=\"async\" class=\"size-medium wp-image-86 alignleft\" src=\"https:\/\/www.french-madeleine.com\/annebo\/wp-content\/uploads\/2023\/01\/IMG_5055-225x300.jpg\" alt=\"\" width=\"225\" height=\"300\" srcset=\"https:\/\/www.french-madeleine.com\/annebo\/wp-content\/uploads\/2023\/01\/IMG_5055-225x300.jpg 225w, https:\/\/www.french-madeleine.com\/annebo\/wp-content\/uploads\/2023\/01\/IMG_5055-600x800.jpg 600w, https:\/\/www.french-madeleine.com\/annebo\/wp-content\/uploads\/2023\/01\/IMG_5055-768x1024.jpg 768w, https:\/\/www.french-madeleine.com\/annebo\/wp-content\/uploads\/2023\/01\/IMG_5055-1152x1536.jpg 1152w, https:\/\/www.french-madeleine.com\/annebo\/wp-content\/uploads\/2023\/01\/IMG_5055-1536x2048.jpg 1536w, https:\/\/www.french-madeleine.com\/annebo\/wp-content\/uploads\/2023\/01\/IMG_5055-1140x1520.jpg 1140w, https:\/\/www.french-madeleine.com\/annebo\/wp-content\/uploads\/2023\/01\/IMG_5055-scaled.jpg 1920w\" sizes=\"(max-width: 225px) 100vw, 225px\" \/><img loading=\"lazy\" decoding=\"async\" class=\"size-medium wp-image-88 alignleft\" src=\"https:\/\/www.french-madeleine.com\/annebo\/wp-content\/uploads\/2023\/01\/IMG_5054-225x300.jpg\" alt=\"\" width=\"225\" height=\"300\" srcset=\"https:\/\/www.french-madeleine.com\/annebo\/wp-content\/uploads\/2023\/01\/IMG_5054-225x300.jpg 225w, https:\/\/www.french-madeleine.com\/annebo\/wp-content\/uploads\/2023\/01\/IMG_5054-600x800.jpg 600w, https:\/\/www.french-madeleine.com\/annebo\/wp-content\/uploads\/2023\/01\/IMG_5054-768x1024.jpg 768w, https:\/\/www.french-madeleine.com\/annebo\/wp-content\/uploads\/2023\/01\/IMG_5054-1152x1536.jpg 1152w, https:\/\/www.french-madeleine.com\/annebo\/wp-content\/uploads\/2023\/01\/IMG_5054-1536x2048.jpg 1536w, https:\/\/www.french-madeleine.com\/annebo\/wp-content\/uploads\/2023\/01\/IMG_5054-1140x1520.jpg 1140w, https:\/\/www.french-madeleine.com\/annebo\/wp-content\/uploads\/2023\/01\/IMG_5054-scaled.jpg 1920w\" sizes=\"(max-width: 225px) 100vw, 225px\" \/><\/p>\n<p>&nbsp;<\/p>\n<p>&nbsp;<\/p>\n","protected":false},"excerpt":{"rendered":"<p>Trousse de toilette molletonn\u00e9e<br \/>\nFermeture \u00e9clair nylon orange<\/p>\n<p>Ext\u00e9rieur en wax 100% coton qualit\u00e9 premium achet\u00e9e au cours d&#8217;un voyage au S\u00e9n\u00e9gal, dans une petite boutique tenue par Rokhaya. Ce tissu magnifique a \u00e9t\u00e9 utilis\u00e9 \u00e0 la r\u00e9alisation d&#8217;un pantalon.<br \/>\nExt\u00e9rieur en wax 100% coton achet\u00e9e au cours d\u2019un voyage au S\u00e9n\u00e9gal, dans une petite boutique tenue par Rokhaya. Ce tissu magnifique a \u00e9t\u00e9 utilis\u00e9 \u00e0 la r\u00e9alisation d\u2019une blouse.<\/p>\n<p>Pour les &#8220;intimes&#8221;, vous pouvez retrouver les tissus en live sur mon fil insta !<\/p>\n","protected":false},"featured_media":1214,"template":"","meta":{"om_disable_all_campaigns":false,"_monsterinsights_skip_tracking":false,"_monsterinsights_sitenote_active":false,"_monsterinsights_sitenote_note":"","_monsterinsights_sitenote_category":0},"product_cat":[26,19,18],"product_tag":[],"aioseo_notices":[],"_links":{"self":[{"href":"https:\/\/www.french-madeleine.com\/annebo\/wp-json\/wp\/v2\/product\/1110"}],"collection":[{"href":"https:\/\/www.french-madeleine.com\/annebo\/wp-json\/wp\/v2\/product"}],"about":[{"href":"https:\/\/www.french-madeleine.com\/annebo\/wp-json\/wp\/v2\/types\/product"}],"wp:featuredmedia":[{"embeddable":true,"href":"https:\/\/www.french-madeleine.com\/annebo\/wp-json\/wp\/v2\/media\/1214"}],"wp:attachment":[{"href":"https:\/\/www.french-madeleine.com\/annebo\/wp-json\/wp\/v2\/media?parent=1110"}],"wp:term":[{"taxonomy":"product_cat","embeddable":true,"href":"https:\/\/www.french-madeleine.com\/annebo\/wp-json\/wp\/v2\/product_cat?post=1110"},{"taxonomy":"product_tag","embeddable":true,"href":"https:\/\/www.french-madeleine.com\/annebo\/wp-json\/wp\/v2\/product_tag?post=1110"}],"curies":[{"name":"wp","href":"https:\/\/api.w.org\/{rel}","templated":true}]}}