{"id":37,"date":"2023-01-16T17:56:04","date_gmt":"2023-01-16T16:56:04","guid":{"rendered":"https:\/\/www.french-madeleine.com\/annebo\/?page_id=37"},"modified":"2023-01-16T18:45:59","modified_gmt":"2023-01-16T17:45:59","slug":"mentions-legales","status":"publish","type":"page","link":"https:\/\/www.french-madeleine.com\/annebo\/mentions-legales\/","title":{"rendered":"Mentions l\u00e9gales"},"content":{"rendered":"<h4><\/h4>\n<h4><\/h4>\n<h4>Anne Bonnet Othon &#8211; French Madeleine &#8211; Agence digitale<\/h4>\n<p>N\u00b0 Siret : 750 744 989 00021 &#8211; T.V.A. non applicable, article 293 B du CGI<br \/>\nDispens\u00e9 d&#8217;immatriculation au registre du commerce et des soci\u00e9t\u00e9s (RCS) et au r\u00e9pertoire des m\u00e9tiers (RM)<br \/>\nSi\u00e8ge social : 28 route de Fargues 33360 Carignan de Bordeaux<br \/>\nT\u00e9l\u00e9phone : 06 76 95 28 85<br \/>\nE-mail : contact@french-madeleine.com<br \/>\nDirecteur de la publication : Anne Bonnet Othon<\/p>\n<h5>Conception<\/h5>\n<p>Cr\u00e9ation graphique \u2013 Webdesign :<br \/>\n<a href=\"https:\/\/french-madeleine.com\" target=\"_blank\" rel=\"noopener noreferrer\">French Madeleine<\/a><\/p>\n<p>D\u00e9veloppement WordPress:<br \/>\n<a href=\"https:\/\/french-madeleine.com\" target=\"_blank\" rel=\"noopener noreferrer\">French Madeleine<\/a><\/p>\n<h5>Droit d\u2019auteur \u2013 copyright :<\/h5>\n<p>La structure g\u00e9n\u00e9rale, ainsi que les textes, photos, videos, images anim\u00e9es ou non composant ce site Web, sont la propri\u00e9t\u00e9 de French Madeleine.<br \/>\nPlus g\u00e9n\u00e9ralement toute reproduction ou utilisation \u00e9ventuelle est interdite sans accord pr\u00e9alable avec French Madeleine.<\/p>\n<h5>H\u00e9bergement du site<\/h5>\n<p>OVH.COM<br \/>\nAdresse : 2 rue Kellermann BP 80157 \u2013 59 053 ROUBAIX CEDEX 1<br \/>\nT\u00e9l\u00e9phone : 0820 698 765<\/p>\n<h5>Utilisation du site :<\/h5>\n<p>La responsabilit\u00e9 de French Madeleine ne pourra \u00eatre engag\u00e9e pour tout dommage \u00e9ventuellement subi par l\u2019ordinateur de l\u2019utilisateur, toute perte de donn\u00e9es cons\u00e9cutive \u00e0 la consultation du site et tout dommage direct ou indirect r\u00e9sultant de l\u2019utilisation de ce site ou de la possibilit\u00e9 d\u2019y acc\u00e9der.<\/p>\n<h5>Liens hypertexte :<\/h5>\n<p>Les liens hypertexte mis en place dans le site en direction d\u2019autres sites ou ressources pr\u00e9sentes sur le r\u00e9seau internet ne peuvent en aucun cas engager la responsabilit\u00e9 de French Madeleine qui ne peut contr\u00f4ler ces sites et sources externes.<\/p>\n<h6>Confidentialit\u00e9 des donn\u00e9es :<\/h6>\n<p>Nous nous engageons selon la loi \u00e0 d\u00e9truire toutes les informations recueillies afin de traiter d&#8217;\u00e9ventuelles commandes sur simple e-mail \u00e0 contact@french-madeleine.com. Ces donn\u00e9es ne seront en aucun cas revendues \u00e0 des tiers, elles ne pourront \u00eatre utilis\u00e9es \u00e0 des fins commerciales sans accord pr\u00e9alable.<\/p>\n","protected":false},"excerpt":{"rendered":"<p>Anne Bonnet Othon &#8211; French Madeleine &#8211; Agence digitale N\u00b0 Siret : 750 744 989 00021 &#8211; T.V.A. non applicable, article 293 B du CGI Dispens\u00e9 d&#8217;immatriculation au registre du commerce et des soci\u00e9t\u00e9s (RCS) et au r\u00e9pertoire des m\u00e9tiers (RM) Si\u00e8ge social : 28 route de Fargues 33360 Carignan de Bordeaux T\u00e9l\u00e9phone : 06 76 95 28 85 E-mail : contact@french-madeleine.com Directeur de la publication : Anne Bonnet Othon Conception Cr\u00e9ation graphique \u2013 Webdesign : French Madeleine D\u00e9veloppement WordPress: French Madeleine Droit d\u2019auteur \u2013 copyright : La structure g\u00e9n\u00e9rale, ainsi que les textes, photos, videos, images anim\u00e9es ou non composant ce site Web, sont la propri\u00e9t\u00e9 de French Madeleine. Plus g\u00e9n\u00e9ralement toute reproduction ou utilisation \u00e9ventuelle est interdite sans accord pr\u00e9alable avec French Madeleine. H\u00e9bergement du site OVH.COM Adresse : 2 rue Kellermann BP 80157 \u2013 59 053 ROUBAIX CEDEX 1 T\u00e9l\u00e9phone : 0820 698 765 Utilisation du site : La responsabilit\u00e9 de French Madeleine ne pourra \u00eatre engag\u00e9e pour tout dommage \u00e9ventuellement subi par l\u2019ordinateur de l\u2019utilisateur, toute perte de donn\u00e9es cons\u00e9cutive \u00e0 la consultation du site et tout dommage direct ou indirect r\u00e9sultant de l\u2019utilisation de ce site ou de la possibilit\u00e9 d\u2019y acc\u00e9der. Liens hypertexte : Les liens hypertexte mis en place dans le site en direction d\u2019autres sites ou ressources pr\u00e9sentes sur le r\u00e9seau internet ne peuvent en aucun cas engager la responsabilit\u00e9 de French Madeleine qui ne peut contr\u00f4ler ces sites et sources externes. Confidentialit\u00e9 des donn\u00e9es : Nous nous engageons selon la loi \u00e0 d\u00e9truire toutes les informations recueillies afin de traiter d&#8217;\u00e9ventuelles commandes sur simple e-mail \u00e0 contact@french-madeleine.com. Ces donn\u00e9es ne seront en aucun cas revendues \u00e0 des tiers, elles ne pourront \u00eatre utilis\u00e9es \u00e0 des fins commerciales sans accord pr\u00e9alable.<\/p>\n","protected":false},"author":1,"featured_media":0,"parent":0,"menu_order":0,"comment_status":"closed","ping_status":"closed","template":"","meta":{"om_disable_all_campaigns":false,"_monsterinsights_skip_tracking":false,"_monsterinsights_sitenote_active":false,"_monsterinsights_sitenote_note":"","_monsterinsights_sitenote_category":0,"footnotes":""},"aioseo_notices":[],"_links":{"self":[{"href":"https:\/\/www.french-madeleine.com\/annebo\/wp-json\/wp\/v2\/pages\/37"}],"collection":[{"href":"https:\/\/www.french-madeleine.com\/annebo\/wp-json\/wp\/v2\/pages"}],"about":[{"href":"https:\/\/www.french-madeleine.com\/annebo\/wp-json\/wp\/v2\/types\/page"}],"author":[{"embeddable":true,"href":"https:\/\/www.french-madeleine.com\/annebo\/wp-json\/wp\/v2\/users\/1"}],"replies":[{"embeddable":true,"href":"https:\/\/www.french-madeleine.com\/annebo\/wp-json\/wp\/v2\/comments?post=37"}],"version-history":[{"count":5,"href":"https:\/\/www.french-madeleine.com\/annebo\/wp-json\/wp\/v2\/pages\/37\/revisions"}],"predecessor-version":[{"id":58,"href":"https:\/\/www.french-madeleine.com\/annebo\/wp-json\/wp\/v2\/pages\/37\/revisions\/58"}],"wp:attachment":[{"href":"https:\/\/www.french-madeleine.com\/annebo\/wp-json\/wp\/v2\/media?parent=37"}],"curies":[{"name":"wp","href":"https:\/\/api.w.org\/{rel}","templated":true}]}}